{"id":2032,"date":"2014-09-15T23:43:30","date_gmt":"2014-09-15T22:43:30","guid":{"rendered":"https:\/\/wpml.lucianocolucci.es\/biografia\/"},"modified":"2026-01-17T12:44:56","modified_gmt":"2026-01-17T12:44:56","slug":"biografia","status":"publish","type":"page","link":"https:\/\/lucianocolucci.com\/es\/biografia\/","title":{"rendered":"Biograf\u00eda"},"content":{"rendered":"<h1 class=\"p1\"><a href=\"https:\/\/lucianocolucci.es\/wp-content\/uploads\/2022\/08\/io.png\"><img decoding=\"async\" class=\"wp-image-3583 aligncenter lazyload\" data-src=\"https:\/\/lucianocolucci.es\/wp-content\/uploads\/2022\/08\/io-296x300.png\" alt=\"\" width=\"200\" height=\"203\" data-srcset=\"https:\/\/lucianocolucci.com\/wp-content\/uploads\/2022\/08\/io-296x300.png 296w, https:\/\/lucianocolucci.com\/wp-content\/uploads\/2022\/08\/io-1012x1024.png 1012w, https:\/\/lucianocolucci.com\/wp-content\/uploads\/2022\/08\/io-768x777.png 768w, https:\/\/lucianocolucci.com\/wp-content\/uploads\/2022\/08\/io-600x607.png 600w, https:\/\/lucianocolucci.com\/wp-content\/uploads\/2022\/08\/io.png 1240w\" data-sizes=\"(max-width: 200px) 100vw, 200px\" src=\"data:image\/svg+xml;base64,PHN2ZyB3aWR0aD0iMSIgaGVpZ2h0PSIxIiB4bWxucz0iaHR0cDovL3d3dy53My5vcmcvMjAwMC9zdmciPjwvc3ZnPg==\" style=\"--smush-placeholder-width: 200px; --smush-placeholder-aspect-ratio: 200\/203;\" \/><\/a><\/h1>\n<h1 class=\"p1\" style=\"text-align: center;\"><span style=\"color: #ffffff;\">Perfil Profesional<\/span><\/h1>\n<p>&nbsp;<\/p>\n<h2 class=\"p1\" style=\"text-align: center;\"><span style=\"color: #ffffff;\">Biograf\u00eda<\/span><\/h2>\n<p align=\"justify\"><span style=\"color: #ffffff;\"><span style=\"font-family: Arial, sans-serif;\"><span style=\"font-size: medium;\"><b>Luciano Colucci<\/b> (Puglia, Italia, 1977) es un artista visual, curador y gestor cultural con una carrera internacional, que vive y trabaja entre Fuerteventura e Italia. Su obra, situada en la intersecci\u00f3n entre el control meticuloso y la fuerza de lo impredecible, encuentra su voz principal en la acuarela, una t\u00e9cnica que el artista denomina \u00abla t\u00e9cnica del silencio\u00bb.<\/span><\/span><\/span><\/p>\n<p align=\"justify\"><span style=\"color: #ffffff;\"><span style=\"font-family: Arial, sans-serif;\"><span style=\"font-size: medium;\">Posee una s\u00f3lida formaci\u00f3n multidisciplinaria: es Licenciado en Escenograf\u00eda por la Academia de Bellas Artes de Roma y en Decoraci\u00f3n y Dise\u00f1o de Interiores por la Universidad La Sapienza de Roma. Sus ra\u00edces en las artes gr\u00e1ficas y la cer\u00e1mica tradicional de su regi\u00f3n natal cimentaron un rigor t\u00e9cnico que m\u00e1s tarde trascendi\u00f3 hacia una investigaci\u00f3n conceptual.<\/span><\/span><\/span><\/p>\n<p align=\"justify\"><span style=\"color: #ffffff;\"><span style=\"font-family: Arial, sans-serif;\"><span style=\"font-size: medium;\">Su evoluci\u00f3n art\u00edstica parte de un paisaje figurativo, a modo de diario de viaje \u00edntimo, para desembocar en una abstracci\u00f3n pura que investiga los elementos primordiales y las geometr\u00edas de mundos paralelos. Esta transici\u00f3n es un reflejo directo de su experiencia vital de fusi\u00f3n cultural y de una mente en constante b\u00fasqueda.<\/span><\/span><\/span><\/p>\n<p align=\"justify\"><span style=\"color: #ffffff;\"><span style=\"font-family: Arial, sans-serif;\"><span style=\"font-size: medium;\">Desde 2015, su proyecci\u00f3n se ha consolidado con exposiciones individuales y colectivas en Europa, Am\u00e9rica, Asia y Ocean\u00eda. Sus obras forman parte de prestigiosas colecciones p\u00fablicas y privadas en Italia, Espa\u00f1a, Reino Unido, Francia, Alemania, Australia, Dinamarca, Polonia y Colombia, testimonio de su relevancia en el panorama art\u00edstico contempor\u00e1neo. Colucci se presenta como un creador en permanente evoluci\u00f3n, cuya pr\u00e1ctica es sin\u00f3nimo de experimentaci\u00f3n constante y profundidad discursiva.<\/span><\/span><\/span><\/p>\n<hr \/>\n<hr \/>\n<h2 class=\"p1\" style=\"text-align: center;\"><span style=\"color: #ffffff;\">Curriculum Vitae<\/span><\/h2>\n<p><span style=\"color: #ffffff;\"><span style=\"font-family: Arial, sans-serif;\"><span style=\"font-size: medium;\"><b>PERFIL<\/b><br \/>\nArtista visual, curador y gestor cultural con una carrera internacional consolidada desde 2015. Su pr\u00e1ctica, centrada en la acuarela contempor\u00e1nea, evoluciona desde un paisaje figurativo \u2014que funciona como un diario de viaje \u00edntimo\u2014 hacia una abstracci\u00f3n pura que indaga los elementos primordiales y las geometr\u00edas de mundos paralelos. Esta investigaci\u00f3n pl\u00e1stica, ligada a la memoria y al patrimonio del Mediterr\u00e1neo y del Atl\u00e1ntico, dialoga con su trabajo curatorial y de gesti\u00f3n cultural comunitaria.<\/span><\/span><\/span><\/p>\n<p><span style=\"color: #ffffff;\"><span style=\"font-family: Arial, sans-serif;\"><span style=\"font-size: medium;\"><b>EXPOSICIONES INDIVIDUALES (Selecci\u00f3n)<\/b><\/span><\/span><\/span><\/p>\n<ul>\n<li>\n<p align=\"left\"><span style=\"color: #ffffff;\"><strong><span style=\"font-family: Arial, sans-serif;\"><span style=\"font-size: medium;\"><b>2024<\/b><\/span><\/span><\/strong><span style=\"font-family: Arial, sans-serif;\"><span style=\"font-size: medium;\">\u00a0&#8211;\u00a0<\/span><\/span><em><span style=\"font-family: Arial, sans-serif;\"><span style=\"font-size: medium;\">\u00abEntre Islas\u00bb<\/span><\/span><\/em><span style=\"font-family: Arial, sans-serif;\"><span style=\"font-size: medium;\">. Casa de la Cultura, Yaiza, Lanzarote, Espa\u00f1a.<\/span><\/span><\/span><\/p>\n<\/li>\n<li>\n<p align=\"left\"><span style=\"color: #ffffff;\"><strong><span style=\"font-family: Arial, sans-serif;\"><span style=\"font-size: medium;\"><b>2023<\/b><\/span><\/span><\/strong><span style=\"font-family: Arial, sans-serif;\"><span style=\"font-size: medium;\">\u00a0&#8211;\u00a0<\/span><\/span><em><span style=\"font-family: Arial, sans-serif;\"><span style=\"font-size: medium;\">\u00abImaginaci\u00f3n en Negro\u00bb<\/span><\/span><\/em><span style=\"font-family: Arial, sans-serif;\"><span style=\"font-size: medium;\">. Casa de la Naturaleza, Fuerteventura, Espa\u00f1a.<\/span><\/span><\/span><\/p>\n<\/li>\n<\/ul>\n<p><span style=\"color: #ffffff;\"><span style=\"font-family: Arial, sans-serif;\"><span style=\"font-size: medium;\"><b>EXPOSICIONES COLECTIVAS (2023-2025)<\/b><\/span><\/span><\/span><\/p>\n<ul>\n<li>\n<p align=\"left\"><span style=\"color: #ffffff;\"><strong><span style=\"font-family: Arial, sans-serif;\"><span style=\"font-size: medium;\"><b>2025<\/b><\/span><\/span><\/strong><span style=\"font-family: Arial, sans-serif;\"><span style=\"font-size: medium;\">\u00a0&#8211;\u00a0<\/span><\/span><em><span style=\"font-family: Arial, sans-serif;\"><span style=\"font-size: medium;\">FabrianoInAcquarello<\/span><\/span><\/em><span style=\"font-family: Arial, sans-serif;\"><span style=\"font-size: medium;\">. Fabriano, Italia.<\/span><\/span><\/span><\/p>\n<\/li>\n<li>\n<p align=\"left\"><span style=\"color: #ffffff;\"><strong><span style=\"font-family: Arial, sans-serif;\"><span style=\"font-size: medium;\"><b>2024<\/b><\/span><\/span><\/strong><span style=\"font-family: Arial, sans-serif;\"><span style=\"font-size: medium;\">\u00a0&#8211;\u00a0<\/span><\/span><em><span style=\"font-family: Arial, sans-serif;\"><span style=\"font-size: medium;\">Triennale Internazionale dell&#8217;Acquerello<\/span><\/span><\/em><span style=\"font-family: Arial, sans-serif;\"><span style=\"font-size: medium;\">. Colombia.<\/span><\/span><\/span><\/p>\n<\/li>\n<li>\n<p align=\"left\"><span style=\"color: #ffffff;\"><strong><span style=\"font-family: Arial, sans-serif;\"><span style=\"font-size: medium;\"><b>2023<\/b><\/span><\/span><\/strong><span style=\"font-family: Arial, sans-serif;\"><span style=\"font-size: medium;\">\u00a0&#8211;\u00a0<\/span><\/span><em><span style=\"font-family: Arial, sans-serif;\"><span style=\"font-size: medium;\">The Australian Watercolour Muster<\/span><\/span><\/em><span style=\"font-family: Arial, sans-serif;\"><span style=\"font-size: medium;\">, Cort House Gallery, Cairns, Australia.<\/span><\/span><\/span><\/p>\n<\/li>\n<li>\n<p align=\"left\"><span style=\"color: #ffffff;\"><strong><span style=\"font-family: Arial, sans-serif;\"><span style=\"font-size: medium;\"><b>2023<\/b><\/span><\/span><\/strong><span style=\"font-family: Arial, sans-serif;\"><span style=\"font-size: medium;\">\u00a0&#8211;\u00a0<\/span><\/span><em><span style=\"font-family: Arial, sans-serif;\"><span style=\"font-size: medium;\">Malaysia International Online Juried Art Competition<\/span><\/span><\/em><span style=\"font-family: Arial, sans-serif;\"><span style=\"font-size: medium;\">. Exposici\u00f3n online.<\/span><\/span><\/span><\/p>\n<\/li>\n<\/ul>\n<p align=\"left\"><span style=\"color: #ffffff;\"><strong><span style=\"font-family: Arial, sans-serif;\"><span style=\"font-size: medium;\"><b>PROYECTOS CURATORIALES Y GESTI\u00d3N CULTURAL<\/b><\/span><\/span><\/strong><\/span><\/p>\n<ul>\n<li>\n<p align=\"left\"><span style=\"color: #ffffff;\"><strong><span style=\"font-family: Arial, sans-serif;\"><span style=\"font-size: medium;\"><b>2025<\/b><\/span><\/span><\/strong><span style=\"font-family: Arial, sans-serif;\"><span style=\"font-size: medium;\"> &#8211; Comisario y participante en <\/span><\/span><em><span style=\"font-family: Arial, sans-serif;\"><span style=\"font-size: medium;\">\u00abPeriplo\u00bb<\/span><\/span><\/em><span style=\"font-family: Arial, sans-serif;\"><span style=\"font-size: medium;\">\u00a0e\u00a0<\/span><\/span><em><span style=\"font-family: Arial, sans-serif;\"><span style=\"font-size: medium;\">\u00abIda y Vuelta\u00bb<\/span><\/span><\/em><span style=\"font-family: Arial, sans-serif;\"><span style=\"font-size: medium;\">. Puerto del Rosario, Fuerteventura, Espa\u00f1a.<\/span><\/span><\/span><\/p>\n<\/li>\n<li>\n<p align=\"left\"><span style=\"color: #ffffff;\"><strong><span style=\"font-family: Arial, sans-serif;\"><span style=\"font-size: medium;\"><b>2025<\/b><\/span><\/span><\/strong><span style=\"font-family: Arial, sans-serif;\"><span style=\"font-size: medium;\"> &#8211; Direcci\u00f3n del proyecto <\/span><\/span><em><span style=\"font-family: Arial, sans-serif;\"><span style=\"font-size: medium;\">\u00abPatrimonio Vivo: Fuerteventura a trav\u00e9s de los Urban Sketchers\u00bb<\/span><\/span><\/em><span style=\"font-family: Arial, sans-serif;\"><span style=\"font-size: medium;\">. Subvencionado por el Cabildo de Fuerteventura.<\/span><\/span><\/span><\/p>\n<\/li>\n<li>\n<p align=\"left\"><span style=\"color: #ffffff;\"><strong><span style=\"font-family: Arial, sans-serif;\"><span style=\"font-size: medium;\"><b>2024<\/b><\/span><\/span><\/strong><span style=\"font-family: Arial, sans-serif;\"><span style=\"font-size: medium;\"> &#8211; Direcci\u00f3n del proyecto <\/span><\/span><em><span style=\"font-family: Arial, sans-serif;\"><span style=\"font-size: medium;\">\u00abRincones Hist\u00f3ricos: Fuerteventura a trav\u00e9s de los Urban Sketchers\u00bb<\/span><\/span><\/em><span style=\"font-family: Arial, sans-serif;\"><span style=\"font-size: medium;\">. Subvencionado por el Cabildo de Fuerteventura.<\/span><\/span><\/span><\/p>\n<\/li>\n<\/ul>\n<p align=\"left\"><span style=\"color: #ffffff;\"><strong><span style=\"font-family: Arial, sans-serif;\"><span style=\"font-size: medium;\"><b>PREMIOS Y RECONOCIMIENTOS<\/b><\/span><\/span><\/strong><\/span><\/p>\n<ul>\n<li>\n<p align=\"left\"><span style=\"color: #ffffff;\"><strong><span style=\"font-family: Arial, sans-serif;\"><span style=\"font-size: medium;\"><b>2023<\/b><\/span><\/span><\/strong><span style=\"font-family: Arial, sans-serif;\"><span style=\"font-size: medium;\">\u00a0&#8211;\u00a0<\/span><\/span><em><span style=\"font-family: Arial, sans-serif;\"><span style=\"font-size: medium;\">Merit Award<\/span><\/span><\/em><span style=\"font-family: Arial, sans-serif;\"><span style=\"font-size: medium;\">. Malaysia International Online Juried Art Competition.<\/span><\/span><\/span><\/p>\n<\/li>\n<li>\n<p align=\"left\"><span style=\"color: #ffffff;\"><strong><span style=\"font-family: Arial, sans-serif;\"><span style=\"font-size: medium;\"><b>2022<\/b><\/span><\/span><\/strong><span style=\"font-family: Arial, sans-serif;\"><span style=\"font-size: medium;\">\u00a0&#8211; Finalista. Biennal International Prize \u201cFabriano Watercolour\u201d, Italia.<\/span><\/span><\/span><\/p>\n<\/li>\n<li>\n<p align=\"left\"><span style=\"color: #ffffff;\"><strong><span style=\"font-family: Arial, sans-serif;\"><span style=\"font-size: medium;\"><b>2015<\/b><\/span><\/span><\/strong><span style=\"font-family: Arial, sans-serif;\"><span style=\"font-size: medium;\">\u00a0&#8211;\u00a0<\/span><\/span><em><span style=\"font-family: Arial, sans-serif;\"><span style=\"font-size: medium;\">Premio GUGLIELMO II<\/span><\/span><\/em><span style=\"font-family: Arial, sans-serif;\"><span style=\"font-size: medium;\">. Italia.<\/span><\/span><\/span><\/p>\n<\/li>\n<\/ul>\n<p align=\"left\"><span style=\"color: #ffffff;\"><strong><span style=\"font-family: Arial, sans-serif;\"><span style=\"font-size: medium;\"><b>COLECCIONES<\/b><\/span><\/span><\/strong><\/span><\/p>\n<ul>\n<li>\n<p align=\"left\"><span style=\"color: #ffffff;\"><strong><span style=\"font-family: Arial, sans-serif;\"><span style=\"font-size: medium;\"><b>P\u00fablica<\/b><\/span><\/span><\/strong><span style=\"font-family: Arial, sans-serif;\"><span style=\"font-size: medium;\">: Obra en la colecci\u00f3n permanente del <\/span><\/span><strong><span style=\"font-family: Arial, sans-serif;\"><span style=\"font-size: medium;\"><b>Museo Bolivariano de Arte Contempor\u00e1neo<\/b><\/span><\/span><\/strong><span style=\"font-family: Arial, sans-serif;\"><span style=\"font-size: medium;\">, Santa Marta, Colombia.<\/span><\/span><\/span><\/p>\n<\/li>\n<li>\n<p align=\"left\"><span style=\"color: #ffffff;\"><strong><span style=\"font-family: Arial, sans-serif;\"><span style=\"font-size: medium;\"><b>Privadas<\/b><\/span><\/span><\/strong><span style=\"font-family: Arial, sans-serif;\"><span style=\"font-size: medium;\">: <\/span><\/span><span style=\"font-family: Arial, sans-serif;\"><span style=\"font-size: medium;\">Obra en colecciones privadas en Italia, Espa\u00f1a y otros pa\u00edses de Europa, Am\u00e9rica y Ocean\u00eda.<\/span><\/span><\/span><\/p>\n<p align=\"left\">\n<\/li>\n<\/ul>\n<p align=\"left\"><span style=\"color: #ffffff;\"><strong><span style=\"font-family: Arial, sans-serif;\"><span style=\"font-size: medium;\"><b>ENCARGOS Y ROLES DE LIDERAZGO<\/b><\/span><\/span><\/strong><\/span><\/p>\n<ul>\n<li>\n<p align=\"left\"><span style=\"color: #ffffff;\"><strong><span style=\"font-family: Arial, sans-serif;\"><span style=\"font-size: medium;\"><b>L\u00cdder para las Islas Canarias<\/b><\/span><\/span><\/strong><span style=\"font-family: Arial, sans-serif;\"><span style=\"font-size: medium;\"> de la red internacional <\/span><\/span><em><span style=\"font-family: Arial, sans-serif;\"><span style=\"font-size: medium;\">FabrianoInAcquarello<\/span><\/span><\/em><span style=\"font-family: Arial, sans-serif;\"><span style=\"font-size: medium;\">\u00a0(Italia).<\/span><\/span><\/span><\/p>\n<\/li>\n<li>\n<p align=\"left\"><span style=\"color: #ffffff;\"><strong><span style=\"font-family: Arial, sans-serif;\"><span style=\"font-size: medium;\"><b>Presidente<\/b><\/span><\/span><\/strong><span style=\"font-family: Arial, sans-serif;\"><span style=\"font-size: medium;\"> de la Asociaci\u00f3n Sociocultural <\/span><\/span><em><span style=\"font-family: Arial, sans-serif;\"><span style=\"font-size: medium;\">AnimArte<\/span><\/span><\/em><span style=\"font-family: Arial, sans-serif;\"><span style=\"font-size: medium;\"> (Fuerteventura, Espa\u00f1a).<\/span><\/span><\/span><\/p>\n<\/li>\n<li>\n<p align=\"left\"><span style=\"color: #ffffff;\"><strong><span style=\"font-family: Arial, sans-serif;\"><span style=\"font-size: medium;\"><b>Fundador<\/b><\/span><\/span><\/strong><span style=\"font-family: Arial, sans-serif;\"><span style=\"font-size: medium;\"> del colectivo <\/span><\/span><em><span style=\"font-family: Arial, sans-serif;\"><span style=\"font-size: medium;\">Urban Sketchers Fuerteventura<\/span><\/span><\/em><span style=\"font-family: Arial, sans-serif;\"><span style=\"font-size: medium;\"> (Espa\u00f1a).<\/span><\/span><\/span><\/p>\n<\/li>\n<\/ul>\n<p align=\"left\"><span style=\"color: #ffffff;\"><strong><span style=\"font-family: Arial, sans-serif;\"><span style=\"font-size: medium;\"><b>FORMACI\u00d3N ACAD\u00c9MICA<\/b><\/span><\/span><\/strong><\/span><\/p>\n<ul>\n<li><span style=\"color: #ffffff;\"><span style=\"font-family: Arial, sans-serif;\"><span style=\"font-size: medium;\"><b>Licenciatura en Escenograf\u00eda<\/b>. <\/span><\/span><span style=\"font-family: Arial, sans-serif;\"><span style=\"font-size: medium;\">Academia de Bellas Artes de Roma, Italia.<\/span><\/span><\/span><\/li>\n<li><span style=\"color: #ffffff;\"><span style=\"font-family: Arial, sans-serif;\"><span style=\"font-size: medium;\"><b>Licenciatura en Decoraci\u00f3n y Arquitectura de Interiores<\/b>. Universidad La Sapienza de Roma, Italia.<\/span><\/span><\/span><\/li>\n<li><span style=\"color: #ffffff;\"><span style=\"font-family: Arial, sans-serif;\"><span style=\"font-size: medium;\">Formaci\u00f3n profesional en artes gr\u00e1ficas y cer\u00e1mica tradicional pugliesa (Italia).<\/span><\/span><\/span><\/li>\n<\/ul>\n<p align=\"left\"><span style=\"color: #ffffff;\"><strong><span style=\"font-family: Arial, sans-serif;\"><span style=\"font-size: medium;\"><b>RESIDENCIA<\/b><\/span><\/span><\/strong><\/span><\/p>\n<ul>\n<li><span style=\"color: #ffffff;\"><span style=\"font-family: Arial, sans-serif;\"><span style=\"font-size: medium;\">Vive y trabaja entre las Islas Canarias (Espa\u00f1a) e Italia.<\/span><\/span><\/span><\/li>\n<\/ul>\n<p>&nbsp;<\/p>\n<p style=\"text-align: center;\"><span style=\"color: #ffffff;\"><a style=\"color: #ffffff;\" href=\"https:\/\/lucianocolucci.com\/wp-content\/uploads\/2025\/12\/CV_Luciano_Colucci_ES.pdf\">CV_Luciano_Colucci_ES<\/a><\/span><\/p>\n<p>&nbsp;<\/p>\n<hr \/>\n<hr \/>\n<h2 class=\"p1\" style=\"text-align: center;\"><span style=\"color: #ffffff;\">Declaraci\u00f3n de Artista<\/span><\/h2>\n<p align=\"justify\"><span style=\"color: #ffffff;\"><span style=\"font-family: Arial, sans-serif;\"><span style=\"font-size: medium;\">Mi trabajo no ocurre solo sobre el papel; ocurre en el encuentro. Es ese punto exacto donde se cruzan el control que pongo con el pincel y los \u00abaccidentes\u00bb que el agua decide crear. Soy un artista formado entre el Mediterr\u00e1neo de mis ra\u00edces en Italia y el Atl\u00e1ntico de Fuerteventura; esa mezcla de mares es la que mueve mi mano.<\/span><\/span><\/span><\/p>\n<p align=\"justify\"><span style=\"color: #ffffff;\"><span style=\"font-family: Arial, sans-serif;\"><span style=\"font-size: medium;\">Eleg\u00ed la acuarela \u2014o ella me eligi\u00f3 a m\u00ed, todav\u00eda no est\u00e1 claro qui\u00e9n eligi\u00f3 a qui\u00e9n\u2014 porque es lo m\u00e1s parecido a respirar. Es una t\u00e9cnica que requiere silencio y saber escuchar. No intento mandar sobre el agua, prefiero dialogar con ella. Me gusta que el pigmento se mueva con voluntad propia porque ah\u00ed, donde lo que yo planeo se junta con lo inesperado, es donde aparece la belleza m\u00e1s honesta.<\/span><\/span><\/span><\/p>\n<p align=\"justify\"><span style=\"color: #ffffff;\"><span style=\"font-family: Arial, sans-serif;\"><span style=\"font-size: medium;\">Al principio pintaba lo que ve\u00eda: paisajes que funcionaban como un diario de viaje. Pero con el tiempo, mi curiosidad cambi\u00f3. Ahora prefiero pintar la sensaci\u00f3n de la luz, el paso del tiempo, la fuerza del viento o mis fantas\u00edas m\u00e1s rec\u00f3nditas. Mi paso del dibujo realista a la abstracci\u00f3n es simplemente el reflejo de mi propia vida: una b\u00fasqueda constante de lo que es esencial.<\/span><\/span><\/span><\/p>\n<p align=\"justify\"><span style=\"color: #ffffff;\"><span style=\"font-family: Arial, sans-serif;\"><span style=\"font-size: medium;\">Mis manos, y sobre todo mis ojos, aprendieron el oficio en los talleres de cer\u00e1mica de Puglia, donde descubr\u00ed el respeto por el material. Mi paso por la escenograf\u00eda y el interiorismo me ense\u00f1\u00f3 a entender el espacio. Pero ha sido el vivir en Fuerteventura lo que me ha dado mi lenguaje actual: una pintura que habla de la erosi\u00f3n, del vac\u00edo y de la luz que lo inunda todo.<\/span><\/span><\/span><\/p>\n<p align=\"justify\"><span style=\"color: #ffffff;\"><span style=\"font-family: Arial, sans-serif;\"><span style=\"font-size: medium;\">Para m\u00ed, el arte no termina en el estudio. Por eso, mi trabajo como gestor y curador es la otra mitad de mi coraz\u00f3n creativo. A trav\u00e9s de proyectos como Patrimonio Vivo, Periplo e Ida &amp; Vuelta, busco que el arte sea algo vivo que una a las personas. Creo firmemente que la cultura es el tejido que nos conecta a todos.<\/span><\/span><\/span><\/p>\n<p align=\"justify\"><span style=\"color: #ffffff;\"><span style=\"font-family: Arial, sans-serif;\"><span style=\"font-size: medium;\">En resumen, mi obra es una invitaci\u00f3n a detenerse. Uso el agua, el color y la paciencia para explorar esos espacios intermedios: entre lo que recordamos y lo que so\u00f1amos, entre el trabajo en solitario y la fuerza de la comunidad.<\/span><\/span><\/span><\/p>\n<p>&nbsp;<\/p>\n<p>&nbsp;<\/p>\n<p style=\"text-align: center;\">\n","protected":false},"excerpt":{"rendered":"<p>Perfil Profesional &nbsp; Biograf\u00eda Luciano Colucci (Puglia, Italia, 1977) es un artista visual, curador y gestor cultural con una carrera [&hellip;]<\/p>\n","protected":false},"author":1,"featured_media":3585,"parent":0,"menu_order":0,"comment_status":"closed","ping_status":"closed","template":"","meta":{"footnotes":""},"class_list":["post-2032","page","type-page","status-publish","has-post-thumbnail","hentry"],"_links":{"self":[{"href":"https:\/\/lucianocolucci.com\/es\/wp-json\/wp\/v2\/pages\/2032","targetHints":{"allow":["GET"]}}],"collection":[{"href":"https:\/\/lucianocolucci.com\/es\/wp-json\/wp\/v2\/pages"}],"about":[{"href":"https:\/\/lucianocolucci.com\/es\/wp-json\/wp\/v2\/types\/page"}],"author":[{"embeddable":true,"href":"https:\/\/lucianocolucci.com\/es\/wp-json\/wp\/v2\/users\/1"}],"replies":[{"embeddable":true,"href":"https:\/\/lucianocolucci.com\/es\/wp-json\/wp\/v2\/comments?post=2032"}],"version-history":[{"count":0,"href":"https:\/\/lucianocolucci.com\/es\/wp-json\/wp\/v2\/pages\/2032\/revisions"}],"wp:featuredmedia":[{"embeddable":true,"href":"https:\/\/lucianocolucci.com\/es\/wp-json\/wp\/v2\/media\/3585"}],"wp:attachment":[{"href":"https:\/\/lucianocolucci.com\/es\/wp-json\/wp\/v2\/media?parent=2032"}],"curies":[{"name":"wp","href":"https:\/\/api.w.org\/{rel}","templated":true}]}}