{"id":1893,"date":"2014-09-15T23:22:18","date_gmt":"2014-09-15T22:22:18","guid":{"rendered":"https:\/\/wpml.lucianocolucci.es\/inicio\/"},"modified":"2026-01-20T13:14:37","modified_gmt":"2026-01-20T13:14:37","slug":"inicio","status":"publish","type":"page","link":"https:\/\/lucianocolucci.com\/es\/","title":{"rendered":"Inicio"},"content":{"rendered":"<div class=\"section-full-width section-light-bg\" style=\"background-color:#f7f7f7;\" id=\"lucianocolucci\"><div class=\"section-boxed\" style=\"color:#373737;\"><h2 class=\"section-title\" style=\"color:#252525;\">Luciano Colucci<\/h2><h4 style=\"color:#252525;\" class=\"sub-title\">Artista visual. Explorador de culturas, pintor de esencias.<\/h4><\/p>\n<p class=\"western\" align=\"justify\"><span style=\"color: #0f1115;\"><span style=\"font-family: quote-cjk-patch, Inter, system-ui, apple-system, BlinkMacSystemFont, Segoe UI, Roboto, Oxygen, Ubuntu, Cantarell, Open Sans, Helvetica Neue, sans-serif;\"><span style=\"font-size: medium;\">Aborda el arte como un navegante: con una ruta esencial pero abierta a los descubrimientos del azar. Su \u00ab<strong>t\u00e9cnica del silencio<\/strong>\u00bb en la acuarela es el medio para explorar territorios que abarcan desde la vitalidad figurativa hasta la abstracci\u00f3n c\u00f3smica. Cada colecci\u00f3n es el mapa de un viaje diferente, marcado por la curiosidad y el di\u00e1logo con nuevas culturas.<\/span><\/span><\/span><\/p>\n<p class=\"western\"><span style=\"color: #0f1115;\"><span style=\"font-family: quote-cjk-patch, Inter, system-ui, apple-system, BlinkMacSystemFont, Segoe UI, Roboto, Oxygen, Ubuntu, Cantarell, Open Sans, Helvetica Neue, sans-serif;\"><span style=\"font-size: medium;\">Su obra, incluida en la colecci\u00f3n del <strong>Museo Bolivariano de Arte Contempor\u00e1neo<\/strong> (Colombia), dialoga con la historia del arte proyectando una voz personal y contempor\u00e1nea.<\/span><\/span><\/span><\/p>\n<p>\n<\/div><\/div>\n<div style=\"width: 1170px;\" class=\"wp-video\"><video class=\"wp-video-shortcode\" id=\"video-1893-1\" width=\"1170\" height=\"658\" loop autoplay preload=\"auto\" controls=\"controls\"><source type=\"video\/mp4\" src=\"https:\/\/lucianocolucci.com\/wp-content\/uploads\/2026\/01\/video-mio.mp4?_=1\" \/><a href=\"https:\/\/lucianocolucci.com\/wp-content\/uploads\/2026\/01\/video-mio.mp4\">https:\/\/lucianocolucci.com\/wp-content\/uploads\/2026\/01\/video-mio.mp4<\/a><\/video><\/div>\n<div class=\"section-full-width section-dark\" style=\"background-color:#252525;\" id=\"section-1\"><div class=\"section-boxed\" style=\"color:#ffffff;\"><p>&nbsp;<\/p>\n<div class=\"cols-wrapper cols-3\">\n<div class=\"col\">\n<p><img decoding=\"async\" class=\"img-frame lazyload\" data-src=\"https:\/\/lucianocolucci.com\/wp-content\/uploads\/2026\/01\/animal-passion_-cuadrado.jpg\" src=\"data:image\/svg+xml;base64,PHN2ZyB3aWR0aD0iMSIgaGVpZ2h0PSIxIiB4bWxucz0iaHR0cDovL3d3dy53My5vcmcvMjAwMC9zdmciPjwvc3ZnPg==\" style=\"--smush-placeholder-width: 1200px; --smush-placeholder-aspect-ratio: 1200\/1200;\" \/><\/p>\n<div>\n<div class=\"cta-element\"><h4 class=\"cta-small-title\">colecci\u00f3n<\/h4><h2 class=\"cta-title\">Animal Passion<\/h2><a class=\"button\" href=\"portfolio\/?cat=animal-passion\">Animal Passion<\/a><\/div>\n<\/div>\n<\/div>\n<div class=\"col\">\n<p><img decoding=\"async\" class=\"img-frame lazyload\" data-src=\"https:\/\/lucianocolucci.com\/wp-content\/uploads\/2026\/01\/astratto-cuadrado.jpg\" src=\"data:image\/svg+xml;base64,PHN2ZyB3aWR0aD0iMSIgaGVpZ2h0PSIxIiB4bWxucz0iaHR0cDovL3d3dy53My5vcmcvMjAwMC9zdmciPjwvc3ZnPg==\" style=\"--smush-placeholder-width: 1200px; --smush-placeholder-aspect-ratio: 1200\/1201;\" \/><\/p>\n<div>\n<div class=\"cta-element\"><h4 class=\"cta-small-title\">colecci\u00f3n<\/h4><h2 class=\"cta-title\">Abstracto<\/h2><a class=\"button\" href=\"portfolio\/?cat=abstract\">Abstracto<\/a><\/div>\n<\/div>\n<\/div>\n<div class=\"col nomargin\">\n<div><\/div>\n<div><img decoding=\"async\" class=\"img-frame lazyload\" data-src=\"https:\/\/lucianocolucci.com\/wp-content\/uploads\/2026\/01\/nuevo-futurismo_-cuadrado.jpg\" src=\"data:image\/svg+xml;base64,PHN2ZyB3aWR0aD0iMSIgaGVpZ2h0PSIxIiB4bWxucz0iaHR0cDovL3d3dy53My5vcmcvMjAwMC9zdmciPjwvc3ZnPg==\" style=\"--smush-placeholder-width: 1200px; --smush-placeholder-aspect-ratio: 1200\/1200;\" \/><\/div>\n<div>\n<div class=\"cta-element\"><h4 class=\"cta-small-title\">colecci\u00f3n<\/h4><h2 class=\"cta-title\">Nuevo Futurismo<\/h2><a class=\"button\" href=\"portfolio\/?cat=nuevo-futurismo\">Nuevo Futurismo<\/a><\/div>\n<\/div>\n<\/div>\n<\/div>\n<p>\n<\/div><\/div>\n<div class=\"section-full-width section-dark\" style=\"background-color:#252525;\" id=\"section-2\"><div style=\"background-image:inherit; opacity:0.8; filter: alpha(opacity=80);\" class=\"full-bg-image lazyload\"  data-bg-image=\"url(https:\/\/lucianocolucci.com\/wp-content\/uploads\/2025\/12\/1.11-1.jpg)\"><\/div><div class=\"section-boxed\" style=\"color:#ffffff;\"><div class=\"cta-element\"><h2 class=\"cta-title\"><\/h2><a class=\"button\" href=\"BIO\">BIO<\/a><\/div>\n<\/div><\/div>\n","protected":false},"excerpt":{"rendered":"","protected":false},"author":1,"featured_media":0,"parent":0,"menu_order":0,"comment_status":"closed","ping_status":"closed","template":"template-full-custom.php","meta":{"footnotes":""},"class_list":["post-1893","page","type-page","status-publish","hentry"],"_links":{"self":[{"href":"https:\/\/lucianocolucci.com\/es\/wp-json\/wp\/v2\/pages\/1893","targetHints":{"allow":["GET"]}}],"collection":[{"href":"https:\/\/lucianocolucci.com\/es\/wp-json\/wp\/v2\/pages"}],"about":[{"href":"https:\/\/lucianocolucci.com\/es\/wp-json\/wp\/v2\/types\/page"}],"author":[{"embeddable":true,"href":"https:\/\/lucianocolucci.com\/es\/wp-json\/wp\/v2\/users\/1"}],"replies":[{"embeddable":true,"href":"https:\/\/lucianocolucci.com\/es\/wp-json\/wp\/v2\/comments?post=1893"}],"version-history":[{"count":0,"href":"https:\/\/lucianocolucci.com\/es\/wp-json\/wp\/v2\/pages\/1893\/revisions"}],"wp:attachment":[{"href":"https:\/\/lucianocolucci.com\/es\/wp-json\/wp\/v2\/media?parent=1893"}],"curies":[{"name":"wp","href":"https:\/\/api.w.org\/{rel}","templated":true}]}}